{"id":3373,"date":"2023-06-06T16:10:12","date_gmt":"2023-06-06T14:10:12","guid":{"rendered":"https:\/\/villa-schubert.com\/legal-information\/"},"modified":"2023-07-05T10:20:51","modified_gmt":"2023-07-05T08:20:51","slug":"rechtsinformation","status":"publish","type":"page","link":"https:\/\/villa-schubert.com\/de\/rechtsinformation\/","title":{"rendered":"Rechtsinformation"},"content":{"rendered":"\n<p>IKA BELLEVUE d.o.o.<\/p>\n\n\n\n<p>VAT (UID-Nr.):\u00a026299605375<br>Matrikelnummer:\u00a0\u00a000526614<\/p>\n\n\n\n<p>Bankverbindung:<br>Istarska Kreditna Banka Umag d.d.<br>IBAN:\u00a0HR31 2380 0061 1800 0412 1<\/p>\n\n\n\n<p>Hauptsitz:<br>Primorska 16, 51414 I\u010di\u0107i<br>Hotel manager: Tajana Trbovi\u0107<\/p>\n\n\n\n<p>Stammkapital der Gesellschaft und Auskunft \u00fcber die vollst\u00e4ndige Einzahlung des Stammkapitals: 3.619.000,00 kn \/ 480.323,84 \u20ac (fester Umrechnungskurs 7.53450).<\/p>\n\n\n\n<p>IKA BELLEVUE d.o.o. (Gesellschaft mit beschr\u00e4nkter Haftung), eingetragen im Register des Handelsgerichts in Rijeka.<\/p>\n\n\n\n<div style=\"height:35px\" aria-hidden=\"true\" class=\"wp-block-spacer\"><\/div>\n\n\n\n<p><strong>Fotos:<\/strong> 360 Provideo, Federiko Sterle, Foto Luigi, Vladimir Franoli\u0107, Kumi\u010di\u0107, Mia Lacmanovi\u0107<\/p>\n","protected":false},"excerpt":{"rendered":"<p>IKA BELLEVUE d.o.o. VAT (UID-Nr.):\u00a026299605375Matrikelnummer:\u00a0\u00a000526614 Bankverbindung:Istarska Kreditna Banka Umag d.d.IBAN:\u00a0HR31 2380 0061 1800 0412 1 Hauptsitz:Primorska 16, 51414 I\u010di\u0107iHotel manager: Tajana Trbovi\u0107 Stammkapital der Gesellschaft und Auskunft \u00fcber die vollst\u00e4ndige Einzahlung des Stammkapitals: 3.619.000,00 kn \/ 480.323,84 \u20ac (fester Umrechnungskurs 7.53450). IKA BELLEVUE d.o.o. (Gesellschaft mit beschr\u00e4nkter Haftung), eingetragen im Register des Handelsgerichts in Rijeka. [&hellip;]<\/p>\n","protected":false},"author":2,"featured_media":0,"parent":0,"menu_order":0,"comment_status":"closed","ping_status":"closed","template":"","meta":{"_acf_changed":false,"footnotes":""},"class_list":["post-3373","page","type-page","status-publish","hentry"],"acf":[],"_links":{"self":[{"href":"https:\/\/villa-schubert.com\/de\/wp-json\/wp\/v2\/pages\/3373","targetHints":{"allow":["GET"]}}],"collection":[{"href":"https:\/\/villa-schubert.com\/de\/wp-json\/wp\/v2\/pages"}],"about":[{"href":"https:\/\/villa-schubert.com\/de\/wp-json\/wp\/v2\/types\/page"}],"author":[{"embeddable":true,"href":"https:\/\/villa-schubert.com\/de\/wp-json\/wp\/v2\/users\/2"}],"replies":[{"embeddable":true,"href":"https:\/\/villa-schubert.com\/de\/wp-json\/wp\/v2\/comments?post=3373"}],"version-history":[{"count":0,"href":"https:\/\/villa-schubert.com\/de\/wp-json\/wp\/v2\/pages\/3373\/revisions"}],"wp:attachment":[{"href":"https:\/\/villa-schubert.com\/de\/wp-json\/wp\/v2\/media?parent=3373"}],"curies":[{"name":"wp","href":"https:\/\/api.w.org\/{rel}","templated":true}]}}