{"id":3207,"date":"2023-06-06T16:10:12","date_gmt":"2023-06-06T14:10:12","guid":{"rendered":"https:\/\/villa-schubert.com\/legal-information\/"},"modified":"2023-07-04T19:31:47","modified_gmt":"2023-07-04T17:31:47","slug":"pravne-informacije","status":"publish","type":"page","link":"https:\/\/villa-schubert.com\/hr\/pravne-informacije\/","title":{"rendered":"Pravne informacije"},"content":{"rendered":"\n<p>IKA BELLEVUE d.o.o.<\/p>\n\n\n\n<p>OIB:\u00a026299605375<br>MBS:\u00a0\u00a000526614<\/p>\n\n\n\n<p>Poslovni ra\u010dun:<br>Istarska Kreditna Banka Umag d.d.<br>IBAN:\u00a0HR31 2380 0061 1800 0412 1<\/p>\n\n\n\n<p>Sjedi\u0161te:<br>Primorska 16, 51414 I\u010di\u0107i<br>Manager hotela: Tajana Trbovi\u0107<\/p>\n\n\n\n<p>Temeljni kapital: 3.619.000,00 kn (480.323,84 \u20ac), upla\u0107en u cijelosti.<\/p>\n\n\n\n<p>IKA BELLEVUE d.o.o. dru\u0161tvo s ograni\u010denom odgovorno\u0161\u0107u upisano je pri Trgova\u010dkom sudu u Rijeci.<\/p>\n\n\n\n<div style=\"height:35px\" aria-hidden=\"true\" class=\"wp-block-spacer\"><\/div>\n\n\n\n<p><strong><strong>Kori\u0161tene fotografije<\/strong>:<\/strong> 360 Provideo, Federiko Sterle, Foto Luigi, Vladimir Franoli\u0107, Kumi\u010di\u0107, Mia Lacmanovi\u0107<\/p>\n","protected":false},"excerpt":{"rendered":"<p>IKA BELLEVUE d.o.o. OIB:\u00a026299605375MBS:\u00a0\u00a000526614 Poslovni ra\u010dun:Istarska Kreditna Banka Umag d.d.IBAN:\u00a0HR31 2380 0061 1800 0412 1 Sjedi\u0161te:Primorska 16, 51414 I\u010di\u0107iManager hotela: Tajana Trbovi\u0107 Temeljni kapital: 3.619.000,00 kn (480.323,84 \u20ac), upla\u0107en u cijelosti. IKA BELLEVUE d.o.o. dru\u0161tvo s ograni\u010denom odgovorno\u0161\u0107u upisano je pri Trgova\u010dkom sudu u Rijeci. Kori\u0161tene fotografije: 360 Provideo, Federiko Sterle, Foto Luigi, Vladimir Franoli\u0107, [&hellip;]<\/p>\n","protected":false},"author":2,"featured_media":0,"parent":0,"menu_order":0,"comment_status":"closed","ping_status":"closed","template":"","meta":{"_acf_changed":false,"footnotes":""},"class_list":["post-3207","page","type-page","status-publish","hentry"],"acf":[],"_links":{"self":[{"href":"https:\/\/villa-schubert.com\/hr\/wp-json\/wp\/v2\/pages\/3207","targetHints":{"allow":["GET"]}}],"collection":[{"href":"https:\/\/villa-schubert.com\/hr\/wp-json\/wp\/v2\/pages"}],"about":[{"href":"https:\/\/villa-schubert.com\/hr\/wp-json\/wp\/v2\/types\/page"}],"author":[{"embeddable":true,"href":"https:\/\/villa-schubert.com\/hr\/wp-json\/wp\/v2\/users\/2"}],"replies":[{"embeddable":true,"href":"https:\/\/villa-schubert.com\/hr\/wp-json\/wp\/v2\/comments?post=3207"}],"version-history":[{"count":0,"href":"https:\/\/villa-schubert.com\/hr\/wp-json\/wp\/v2\/pages\/3207\/revisions"}],"wp:attachment":[{"href":"https:\/\/villa-schubert.com\/hr\/wp-json\/wp\/v2\/media?parent=3207"}],"curies":[{"name":"wp","href":"https:\/\/api.w.org\/{rel}","templated":true}]}}