{"id":3374,"date":"2023-06-06T16:10:12","date_gmt":"2023-06-06T14:10:12","guid":{"rendered":"https:\/\/villa-schubert.com\/legal-information\/"},"modified":"2023-07-04T21:29:47","modified_gmt":"2023-07-04T19:29:47","slug":"informazioni-legali","status":"publish","type":"page","link":"https:\/\/villa-schubert.com\/it\/informazioni-legali\/","title":{"rendered":"Informazioni legali"},"content":{"rendered":"\n<p>IKA BELLEVUE d.o.o.<\/p>\n\n\n\n<p>OIB:\u00a026299605375<br>MBS:\u00a0\u00a000526614<\/p>\n\n\n\n<p>Conto bancario:<br>Istarska Kreditna Banka Umag d.d.<br>IBAN:\u00a0HR31 2380 0061 1800 0412 1<\/p>\n\n\n\n<p>Sede centrale:<br>Primorska 16, 51414 I\u010di\u0107i<br>Hotel manager: Tajana Trbovi\u0107<\/p>\n\n\n\n<p>L\u2019importo del capitale azionario della societ\u00e0, e se il capitale \u00e8 stato interamente versato: 3.619.000,00 kn \/ 480.323,84 \u20ac, tasso di conversione fisso 7.53450.<\/p>\n\n\n\n<p>IKA BELLEVUE d.o.o. (societ\u00e0 a responsabilit\u00e0 limitata) elencato nel registro del Tribunale commerciale di Rijeka.<\/p>\n\n\n\n<div style=\"height:35px\" aria-hidden=\"true\" class=\"wp-block-spacer\"><\/div>\n\n\n\n<p><strong>Foto di:<\/strong> 360 Provideo, Federiko Sterle, Foto Luigi, Vladimir Franoli\u0107, Kumi\u010di\u0107, Mia Lacmanovi\u0107<\/p>\n","protected":false},"excerpt":{"rendered":"<p>IKA BELLEVUE d.o.o. OIB:\u00a026299605375MBS:\u00a0\u00a000526614 Conto bancario:Istarska Kreditna Banka Umag d.d.IBAN:\u00a0HR31 2380 0061 1800 0412 1 Sede centrale:Primorska 16, 51414 I\u010di\u0107iHotel manager: Tajana Trbovi\u0107 L\u2019importo del capitale azionario della societ\u00e0, e se il capitale \u00e8 stato interamente versato: 3.619.000,00 kn \/ 480.323,84 \u20ac, tasso di conversione fisso 7.53450. IKA BELLEVUE d.o.o. (societ\u00e0 a responsabilit\u00e0 limitata) elencato [&hellip;]<\/p>\n","protected":false},"author":2,"featured_media":0,"parent":0,"menu_order":0,"comment_status":"closed","ping_status":"closed","template":"","meta":{"_acf_changed":false,"footnotes":""},"class_list":["post-3374","page","type-page","status-publish","hentry"],"acf":[],"_links":{"self":[{"href":"https:\/\/villa-schubert.com\/it\/wp-json\/wp\/v2\/pages\/3374","targetHints":{"allow":["GET"]}}],"collection":[{"href":"https:\/\/villa-schubert.com\/it\/wp-json\/wp\/v2\/pages"}],"about":[{"href":"https:\/\/villa-schubert.com\/it\/wp-json\/wp\/v2\/types\/page"}],"author":[{"embeddable":true,"href":"https:\/\/villa-schubert.com\/it\/wp-json\/wp\/v2\/users\/2"}],"replies":[{"embeddable":true,"href":"https:\/\/villa-schubert.com\/it\/wp-json\/wp\/v2\/comments?post=3374"}],"version-history":[{"count":0,"href":"https:\/\/villa-schubert.com\/it\/wp-json\/wp\/v2\/pages\/3374\/revisions"}],"wp:attachment":[{"href":"https:\/\/villa-schubert.com\/it\/wp-json\/wp\/v2\/media?parent=3374"}],"curies":[{"name":"wp","href":"https:\/\/api.w.org\/{rel}","templated":true}]}}